{"id":786,"date":"2019-12-05T15:13:27","date_gmt":"2019-12-05T14:13:27","guid":{"rendered":"https:\/\/neyroud-soleil.ch\/shop\/"},"modified":"2023-10-24T13:50:13","modified_gmt":"2023-10-24T11:50:13","slug":"shop","status":"publish","type":"page","link":"https:\/\/neyroud-soleil.ch\/de\/shop\/","title":{"rendered":"Shop"},"content":{"rendered":"\t\t<div data-elementor-type=\"wp-page\" data-elementor-id=\"786\" class=\"elementor elementor-786 elementor-467\" data-elementor-post-type=\"page\">\n\t\t\t\t\t\t<section class=\"elementor-section elementor-top-section elementor-element elementor-element-e3fba5e elementor-section-boxed elementor-section-height-default elementor-section-height-default\" data-id=\"e3fba5e\" data-element_type=\"section\" data-e-type=\"section\" data-settings=\"{&quot;jet_parallax_layout_list&quot;:[{&quot;jet_parallax_layout_image&quot;:{&quot;url&quot;:&quot;&quot;,&quot;id&quot;:&quot;&quot;,&quot;size&quot;:&quot;&quot;},&quot;_id&quot;:&quot;6ca52ec&quot;,&quot;jet_parallax_layout_image_tablet&quot;:{&quot;url&quot;:&quot;&quot;,&quot;id&quot;:&quot;&quot;,&quot;size&quot;:&quot;&quot;},&quot;jet_parallax_layout_image_mobile&quot;:{&quot;url&quot;:&quot;&quot;,&quot;id&quot;:&quot;&quot;,&quot;size&quot;:&quot;&quot;},&quot;jet_parallax_layout_speed&quot;:{&quot;unit&quot;:&quot;%&quot;,&quot;size&quot;:50,&quot;sizes&quot;:[]},&quot;jet_parallax_layout_type&quot;:&quot;scroll&quot;,&quot;jet_parallax_layout_direction&quot;:null,&quot;jet_parallax_layout_fx_direction&quot;:null,&quot;jet_parallax_layout_z_index&quot;:&quot;&quot;,&quot;jet_parallax_layout_bg_x&quot;:50,&quot;jet_parallax_layout_bg_x_tablet&quot;:&quot;&quot;,&quot;jet_parallax_layout_bg_x_mobile&quot;:&quot;&quot;,&quot;jet_parallax_layout_bg_y&quot;:50,&quot;jet_parallax_layout_bg_y_tablet&quot;:&quot;&quot;,&quot;jet_parallax_layout_bg_y_mobile&quot;:&quot;&quot;,&quot;jet_parallax_layout_bg_size&quot;:&quot;auto&quot;,&quot;jet_parallax_layout_bg_size_tablet&quot;:&quot;&quot;,&quot;jet_parallax_layout_bg_size_mobile&quot;:&quot;&quot;,&quot;jet_parallax_layout_animation_prop&quot;:&quot;transform&quot;,&quot;jet_parallax_layout_on&quot;:[&quot;desktop&quot;,&quot;tablet&quot;]}]}\">\n\t\t\t\t\t\t<div class=\"elementor-container elementor-column-gap-default\">\n\t\t\t\t\t<div class=\"elementor-column elementor-col-100 elementor-top-column elementor-element elementor-element-0a0f475\" data-id=\"0a0f475\" data-element_type=\"column\" data-e-type=\"column\">\n\t\t\t<div class=\"elementor-widget-wrap elementor-element-populated\">\n\t\t\t\t\t\t<div class=\"elementor-element elementor-element-9151bfa elementor-widget elementor-widget-heading\" data-id=\"9151bfa\" data-element_type=\"widget\" data-e-type=\"widget\" data-widget_type=\"heading.default\">\n\t\t\t\t<div class=\"elementor-widget-container\">\n\t\t\t\t\t<h1 class=\"elementor-heading-title elementor-size-default\">Shop - Die Weine<\/h1>\t\t\t\t<\/div>\n\t\t\t\t<\/div>\n\t\t\t\t<div class=\"elementor-element elementor-element-5c41024 elementor-widget elementor-widget-text-editor\" data-id=\"5c41024\" data-element_type=\"widget\" data-e-type=\"widget\" data-widget_type=\"text-editor.default\">\n\t\t\t\t<div class=\"elementor-widget-container\">\n\t\t\t\t\t\t\t\t\t<p>Wir sind stolz, Ihnen unsere Palette vorzustellen, um deren Qualit\u00e4ts-Verbesserung wir stets bem\u00fcht sind .<\/p>\t\t\t\t\t\t\t\t<\/div>\n\t\t\t\t<\/div>\n\t\t\t\t\t<\/div>\n\t\t<\/div>\n\t\t\t\t\t<\/div>\n\t\t<\/section>\n\t\t\t\t<section class=\"elementor-section elementor-top-section elementor-element elementor-element-12b5f97 elementor-section-boxed elementor-section-height-default elementor-section-height-default\" data-id=\"12b5f97\" data-element_type=\"section\" data-e-type=\"section\" data-settings=\"{&quot;jet_parallax_layout_list&quot;:[{&quot;jet_parallax_layout_image&quot;:{&quot;url&quot;:&quot;&quot;,&quot;id&quot;:&quot;&quot;,&quot;size&quot;:&quot;&quot;},&quot;_id&quot;:&quot;013c3e9&quot;,&quot;jet_parallax_layout_image_tablet&quot;:{&quot;url&quot;:&quot;&quot;,&quot;id&quot;:&quot;&quot;,&quot;size&quot;:&quot;&quot;},&quot;jet_parallax_layout_image_mobile&quot;:{&quot;url&quot;:&quot;&quot;,&quot;id&quot;:&quot;&quot;,&quot;size&quot;:&quot;&quot;},&quot;jet_parallax_layout_speed&quot;:{&quot;unit&quot;:&quot;%&quot;,&quot;size&quot;:50,&quot;sizes&quot;:[]},&quot;jet_parallax_layout_type&quot;:&quot;scroll&quot;,&quot;jet_parallax_layout_direction&quot;:null,&quot;jet_parallax_layout_fx_direction&quot;:null,&quot;jet_parallax_layout_z_index&quot;:&quot;&quot;,&quot;jet_parallax_layout_bg_x&quot;:50,&quot;jet_parallax_layout_bg_x_tablet&quot;:&quot;&quot;,&quot;jet_parallax_layout_bg_x_mobile&quot;:&quot;&quot;,&quot;jet_parallax_layout_bg_y&quot;:50,&quot;jet_parallax_layout_bg_y_tablet&quot;:&quot;&quot;,&quot;jet_parallax_layout_bg_y_mobile&quot;:&quot;&quot;,&quot;jet_parallax_layout_bg_size&quot;:&quot;auto&quot;,&quot;jet_parallax_layout_bg_size_tablet&quot;:&quot;&quot;,&quot;jet_parallax_layout_bg_size_mobile&quot;:&quot;&quot;,&quot;jet_parallax_layout_animation_prop&quot;:&quot;transform&quot;,&quot;jet_parallax_layout_on&quot;:[&quot;desktop&quot;,&quot;tablet&quot;]}]}\">\n\t\t\t\t\t\t<div class=\"elementor-container elementor-column-gap-default\">\n\t\t\t\t\t<div class=\"elementor-column elementor-col-100 elementor-top-column elementor-element elementor-element-0d7b0a3\" data-id=\"0d7b0a3\" data-element_type=\"column\" data-e-type=\"column\">\n\t\t\t<div class=\"elementor-widget-wrap elementor-element-populated\">\n\t\t\t\t\t\t<div class=\"elementor-element elementor-element-c1137ea elementor-widget elementor-widget-image-carousel\" data-id=\"c1137ea\" data-element_type=\"widget\" data-e-type=\"widget\" data-settings=\"{&quot;slides_to_show&quot;:&quot;6&quot;,&quot;navigation&quot;:&quot;none&quot;,&quot;pause_on_hover&quot;:&quot;no&quot;,&quot;pause_on_interaction&quot;:&quot;no&quot;,&quot;autoplay&quot;:&quot;yes&quot;,&quot;autoplay_speed&quot;:5000,&quot;infinite&quot;:&quot;yes&quot;,&quot;speed&quot;:500}\" data-widget_type=\"image-carousel.default\">\n\t\t\t\t<div class=\"elementor-widget-container\">\n\t\t\t\t\t\t\t<div class=\"elementor-image-carousel-wrapper swiper\" role=\"region\" aria-roledescription=\"carousel\" aria-label=\"Bild Karussell\" dir=\"ltr\">\n\t\t\t<div class=\"elementor-image-carousel swiper-wrapper\" aria-live=\"off\">\n\t\t\t\t\t\t\t\t<div class=\"swiper-slide\" role=\"group\" aria-roledescription=\"slide\" aria-label=\"1 von 11\"><figure class=\"swiper-slide-inner\"><img decoding=\"async\" class=\"swiper-slide-image\" src=\"https:\/\/neyroud-soleil.ch\/wp-content\/uploads\/2020\/04\/neyroud-soleil-8-light-82x300.png\" alt=\"Bouteille Chardonne\" \/><\/figure><\/div><div class=\"swiper-slide\" role=\"group\" aria-roledescription=\"slide\" aria-label=\"2 von 11\"><figure class=\"swiper-slide-inner\"><img decoding=\"async\" class=\"swiper-slide-image\" src=\"https:\/\/neyroud-soleil.ch\/wp-content\/uploads\/2020\/04\/neyroud-soleil-10-light-86x300.png\" alt=\"Bouteille St-Saphorin\" \/><\/figure><\/div><div class=\"swiper-slide\" role=\"group\" aria-roledescription=\"slide\" aria-label=\"3 von 11\"><figure class=\"swiper-slide-inner\"><img decoding=\"async\" class=\"swiper-slide-image\" src=\"https:\/\/neyroud-soleil.ch\/wp-content\/uploads\/2020\/04\/neyroud-soleil-5-light-80x300.png\" alt=\"Bouteille Chardonne Murailles br\u00fbl\u00e9es\" \/><\/figure><\/div><div class=\"swiper-slide\" role=\"group\" aria-roledescription=\"slide\" aria-label=\"4 von 11\"><figure class=\"swiper-slide-inner\"><img decoding=\"async\" class=\"swiper-slide-image\" src=\"https:\/\/neyroud-soleil.ch\/wp-content\/uploads\/2020\/04\/neyroud-soleil-11-light-86x300.png\" alt=\"Bouteille de vin le soleil rose\" \/><\/figure><\/div><div class=\"swiper-slide\" role=\"group\" aria-roledescription=\"slide\" aria-label=\"5 von 11\"><figure class=\"swiper-slide-inner\"><img decoding=\"async\" class=\"swiper-slide-image\" src=\"https:\/\/neyroud-soleil.ch\/wp-content\/uploads\/2020\/04\/neyroud-soleil-1-light-77x300.png\" alt=\"Bouteille Savignon blanc\" \/><\/figure><\/div><div class=\"swiper-slide\" role=\"group\" aria-roledescription=\"slide\" aria-label=\"6 von 11\"><figure class=\"swiper-slide-inner\"><img decoding=\"async\" class=\"swiper-slide-image\" src=\"https:\/\/neyroud-soleil.ch\/wp-content\/uploads\/2020\/04\/neyroud-soleil-3-light-77x300.png\" alt=\"Bouteille pinot gris\" \/><\/figure><\/div><div class=\"swiper-slide\" role=\"group\" aria-roledescription=\"slide\" aria-label=\"7 von 11\"><figure class=\"swiper-slide-inner\"><img decoding=\"async\" class=\"swiper-slide-image\" src=\"https:\/\/neyroud-soleil.ch\/wp-content\/uploads\/2020\/04\/neyroud-soleil-2-light-77x300.png\" alt=\"Bouteille Gew\u00fcrztraminer\" \/><\/figure><\/div><div class=\"swiper-slide\" role=\"group\" aria-roledescription=\"slide\" aria-label=\"8 von 11\"><figure class=\"swiper-slide-inner\"><img decoding=\"async\" class=\"swiper-slide-image\" src=\"https:\/\/neyroud-soleil.ch\/wp-content\/uploads\/2020\/04\/neyroud-soleil-6-light-77x300.png\" alt=\"Bouteille soleil dor\u00e9\" \/><\/figure><\/div><div class=\"swiper-slide\" role=\"group\" aria-roledescription=\"slide\" aria-label=\"9 von 11\"><figure class=\"swiper-slide-inner\"><img decoding=\"async\" class=\"swiper-slide-image\" src=\"https:\/\/neyroud-soleil.ch\/wp-content\/uploads\/2020\/04\/neyroud-soleil-9-light-86x300.png\" alt=\"Bouteille Chardonne\" \/><\/figure><\/div><div class=\"swiper-slide\" role=\"group\" aria-roledescription=\"slide\" aria-label=\"10 von 11\"><figure class=\"swiper-slide-inner\"><img decoding=\"async\" class=\"swiper-slide-image\" src=\"https:\/\/neyroud-soleil.ch\/wp-content\/uploads\/2020\/04\/neyroud-soleil-7-light-92x300.png\" alt=\"Bouteille Charmigny\" \/><\/figure><\/div><div class=\"swiper-slide\" role=\"group\" aria-roledescription=\"slide\" aria-label=\"11 von 11\"><figure class=\"swiper-slide-inner\"><img decoding=\"async\" class=\"swiper-slide-image\" src=\"https:\/\/neyroud-soleil.ch\/wp-content\/uploads\/2020\/04\/neyroud-soleil-4-light-76x300.png\" alt=\"Bouteille soleil pourpre\" \/><\/figure><\/div>\t\t\t<\/div>\n\t\t\t\t\t\t\t\n\t\t\t\t\t\t\t\t\t<\/div>\n\t\t\t\t\t\t<\/div>\n\t\t\t\t<\/div>\n\t\t\t\t\t<\/div>\n\t\t<\/div>\n\t\t\t\t\t<\/div>\n\t\t<\/section>\n\t\t\t\t<section class=\"elementor-section elementor-top-section elementor-element elementor-element-23cf36b elementor-section-boxed elementor-section-height-default elementor-section-height-default\" data-id=\"23cf36b\" data-element_type=\"section\" data-e-type=\"section\" data-settings=\"{&quot;jet_parallax_layout_list&quot;:[{&quot;jet_parallax_layout_image&quot;:{&quot;url&quot;:&quot;&quot;,&quot;id&quot;:&quot;&quot;,&quot;size&quot;:&quot;&quot;},&quot;_id&quot;:&quot;db205e5&quot;,&quot;jet_parallax_layout_image_tablet&quot;:{&quot;url&quot;:&quot;&quot;,&quot;id&quot;:&quot;&quot;,&quot;size&quot;:&quot;&quot;},&quot;jet_parallax_layout_image_mobile&quot;:{&quot;url&quot;:&quot;&quot;,&quot;id&quot;:&quot;&quot;,&quot;size&quot;:&quot;&quot;},&quot;jet_parallax_layout_speed&quot;:{&quot;unit&quot;:&quot;%&quot;,&quot;size&quot;:50,&quot;sizes&quot;:[]},&quot;jet_parallax_layout_type&quot;:&quot;scroll&quot;,&quot;jet_parallax_layout_direction&quot;:null,&quot;jet_parallax_layout_fx_direction&quot;:null,&quot;jet_parallax_layout_z_index&quot;:&quot;&quot;,&quot;jet_parallax_layout_bg_x&quot;:50,&quot;jet_parallax_layout_bg_x_tablet&quot;:&quot;&quot;,&quot;jet_parallax_layout_bg_x_mobile&quot;:&quot;&quot;,&quot;jet_parallax_layout_bg_y&quot;:50,&quot;jet_parallax_layout_bg_y_tablet&quot;:&quot;&quot;,&quot;jet_parallax_layout_bg_y_mobile&quot;:&quot;&quot;,&quot;jet_parallax_layout_bg_size&quot;:&quot;auto&quot;,&quot;jet_parallax_layout_bg_size_tablet&quot;:&quot;&quot;,&quot;jet_parallax_layout_bg_size_mobile&quot;:&quot;&quot;,&quot;jet_parallax_layout_animation_prop&quot;:&quot;transform&quot;,&quot;jet_parallax_layout_on&quot;:[&quot;desktop&quot;,&quot;tablet&quot;]}]}\">\n\t\t\t\t\t\t<div class=\"elementor-container elementor-column-gap-default\">\n\t\t\t\t\t<div class=\"elementor-column elementor-col-100 elementor-top-column elementor-element elementor-element-ad4a1c3\" data-id=\"ad4a1c3\" data-element_type=\"column\" data-e-type=\"column\">\n\t\t\t<div class=\"elementor-widget-wrap elementor-element-populated\">\n\t\t\t\t\t\t<div class=\"elementor-element elementor-element-4c4a70c elementor-widget elementor-widget-text-editor\" data-id=\"4c4a70c\" data-element_type=\"widget\" data-e-type=\"widget\" id=\"formulaire_commande\" data-widget_type=\"text-editor.default\">\n\t\t\t\t<div class=\"elementor-widget-container\">\n\t\t\t\t\t\t\t\t\t<p>{Formulaire de commande}<\/p>\t\t\t\t\t\t\t\t<\/div>\n\t\t\t\t<\/div>\n\t\t\t\t\t<\/div>\n\t\t<\/div>\n\t\t\t\t\t<\/div>\n\t\t<\/section>\n\t\t\t\t<section class=\"elementor-section elementor-top-section elementor-element elementor-element-e61db4f elementor-section-boxed elementor-section-height-default elementor-section-height-default\" data-id=\"e61db4f\" data-element_type=\"section\" data-e-type=\"section\" data-settings=\"{&quot;jet_parallax_layout_list&quot;:[]}\">\n\t\t\t\t\t\t<div class=\"elementor-container elementor-column-gap-default\">\n\t\t\t\t\t<div class=\"elementor-column elementor-col-100 elementor-top-column elementor-element elementor-element-c2b6c87\" data-id=\"c2b6c87\" data-element_type=\"column\" data-e-type=\"column\">\n\t\t\t<div class=\"elementor-widget-wrap elementor-element-populated\">\n\t\t\t\t\t\t<div class=\"elementor-element elementor-element-ea3f470 elementor-widget elementor-widget-text-editor\" data-id=\"ea3f470\" data-element_type=\"widget\" data-e-type=\"widget\" data-widget_type=\"text-editor.default\">\n\t\t\t\t<div class=\"elementor-widget-container\">\n\t\t\t\t\t\t\t\t\tIhre pers\u00f6nlichen Daten werden zur Abwicklung Ihrer Bestellung, zur Begleitung Ihres Besuchs auf der Website und zu weiteren in unserer Datenschutzerkl\u00e4rung beschriebenen <a style=\"color:#772935;\" title=\"\u200c\" href=\"https:\/\/neyroud-soleil.ch\/de\/datenschutzrichtlinie\/\" target=\"_blank\" rel=\"nofollow noopener noreferrer ugc\">Zwecken verwendet<\/a>.\t\t\t\t\t\t\t\t<\/div>\n\t\t\t\t<\/div>\n\t\t\t\t\t<\/div>\n\t\t<\/div>\n\t\t\t\t\t<\/div>\n\t\t<\/section>\n\t\t\t\t<\/div>\n\t\t","protected":false},"excerpt":{"rendered":"<p>Shop &#8211; Die Weine Wir sind stolz, Ihnen unsere Palette vorzustellen, um deren Qualit\u00e4ts-Verbesserung wir stets bem\u00fcht sind . {Formulaire de commande} Ihre pers\u00f6nlichen Daten werden zur Abwicklung Ihrer Bestellung, zur Begleitung Ihres Besuchs auf der Website und zu weiteren in unserer Datenschutzerkl\u00e4rung beschriebenen Zwecken verwendet.<\/p>\n","protected":false},"author":1,"featured_media":0,"parent":0,"menu_order":0,"comment_status":"closed","ping_status":"closed","template":"","meta":{"_acf_changed":false,"footnotes":""},"class_list":["post-786","page","type-page","status-publish","hentry"],"acf":{"jupiterx_header":true,"jupiterx_header_overlap":"","jupiterx_header_type":"_custom","jupiterx_header_template":"793","jupiterx_header_behavior":"fixed","jupiterx_header_position":"global","jupiterx_layout":"c","jupiterx_content_full_width":true,"jupiterx_content_spacing":true,"jupiterx_post_featured_image":"","jupiterx_post_social_share":"","jupiterx_post_comments":"","jupiterx_main_background":{"color":"#f9f7f2","image":false,"position":"","repeat":"","attachment":"","size":""},"jupiterx_main_spacing":{"padding_top":"","padding_right":"","padding_bottom":"","padding_left":"","margin_top":"","margin_right":"","margin_bottom":"","margin_left":""},"jupiterx_title_bar_title":"","jupiterx_title_bar_breadcrumb":"","jupiterx_title_bar_subtitle":"","jupiterx_footer":true,"jupiterx_footer_type":"_custom","jupiterx_footer_template":"438","jupiterx_footer_behavior":"global"},"yoast_head":"<!-- This site is optimized with the Yoast SEO plugin v26.9 - https:\/\/yoast.com\/product\/yoast-seo-wordpress\/ -->\n<title>Shop - Neyroud Soleil<\/title>\n<meta name=\"robots\" content=\"index, follow, max-snippet:-1, max-image-preview:large, max-video-preview:-1\" \/>\n<link rel=\"canonical\" href=\"https:\/\/neyroud-soleil.ch\/de\/shop\/\" \/>\n<meta property=\"og:locale\" content=\"de_DE\" \/>\n<meta property=\"og:type\" content=\"article\" \/>\n<meta property=\"og:title\" content=\"Shop - Neyroud Soleil\" \/>\n<meta property=\"og:description\" content=\"Shop &#8211; Die Weine Wir sind stolz, Ihnen unsere Palette vorzustellen, um deren Qualit\u00e4ts-Verbesserung wir stets bem\u00fcht sind . {Formulaire de commande} Ihre pers\u00f6nlichen Daten werden zur Abwicklung Ihrer Bestellung, zur Begleitung Ihres Besuchs auf der Website und zu weiteren in unserer Datenschutzerkl\u00e4rung beschriebenen Zwecken verwendet.\" \/>\n<meta property=\"og:url\" content=\"https:\/\/neyroud-soleil.ch\/de\/shop\/\" \/>\n<meta property=\"og:site_name\" content=\"Neyroud Soleil\" \/>\n<meta property=\"article:modified_time\" content=\"2023-10-24T11:50:13+00:00\" \/>\n<meta property=\"og:image\" content=\"https:\/\/neyroud-soleil.ch\/wp-content\/uploads\/2020\/04\/neyroud-soleil-8-light-82x300.png\" \/>\n<meta name=\"twitter:card\" content=\"summary_large_image\" \/>\n<meta name=\"twitter:label1\" content=\"Gesch\u00e4tzte Lesezeit\" \/>\n\t<meta name=\"twitter:data1\" content=\"5\u00a0Minuten\" \/>\n<script type=\"application\/ld+json\" class=\"yoast-schema-graph\">{\"@context\":\"https:\/\/schema.org\",\"@graph\":[{\"@type\":\"WebPage\",\"@id\":\"https:\/\/neyroud-soleil.ch\/de\/shop\/\",\"url\":\"https:\/\/neyroud-soleil.ch\/de\/shop\/\",\"name\":\"Shop - Neyroud Soleil\",\"isPartOf\":{\"@id\":\"https:\/\/neyroud-soleil.ch\/#website\"},\"primaryImageOfPage\":{\"@id\":\"https:\/\/neyroud-soleil.ch\/de\/shop\/#primaryimage\"},\"image\":{\"@id\":\"https:\/\/neyroud-soleil.ch\/de\/shop\/#primaryimage\"},\"thumbnailUrl\":\"https:\/\/neyroud-soleil.ch\/wp-content\/uploads\/2020\/04\/neyroud-soleil-8-light-82x300.png\",\"datePublished\":\"2019-12-05T14:13:27+00:00\",\"dateModified\":\"2023-10-24T11:50:13+00:00\",\"breadcrumb\":{\"@id\":\"https:\/\/neyroud-soleil.ch\/de\/shop\/#breadcrumb\"},\"inLanguage\":\"de\",\"potentialAction\":[{\"@type\":\"ReadAction\",\"target\":[\"https:\/\/neyroud-soleil.ch\/de\/shop\/\"]}]},{\"@type\":\"ImageObject\",\"inLanguage\":\"de\",\"@id\":\"https:\/\/neyroud-soleil.ch\/de\/shop\/#primaryimage\",\"url\":\"https:\/\/neyroud-soleil.ch\/wp-content\/uploads\/2020\/04\/neyroud-soleil-8-light-82x300.png\",\"contentUrl\":\"https:\/\/neyroud-soleil.ch\/wp-content\/uploads\/2020\/04\/neyroud-soleil-8-light-82x300.png\"},{\"@type\":\"BreadcrumbList\",\"@id\":\"https:\/\/neyroud-soleil.ch\/de\/shop\/#breadcrumb\",\"itemListElement\":[{\"@type\":\"ListItem\",\"position\":1,\"name\":\"Accueil\",\"item\":\"https:\/\/neyroud-soleil.ch\/de\/\"},{\"@type\":\"ListItem\",\"position\":2,\"name\":\"Shop\"}]},{\"@type\":\"WebSite\",\"@id\":\"https:\/\/neyroud-soleil.ch\/#website\",\"url\":\"https:\/\/neyroud-soleil.ch\/\",\"name\":\"Neyroud Soleil\",\"description\":\"Vigneron Encaveur - Chardonne\",\"inLanguage\":\"de\"}]}<\/script>\n<!-- \/ Yoast SEO plugin. -->","yoast_head_json":{"title":"Shop - Neyroud Soleil","robots":{"index":"index","follow":"follow","max-snippet":"max-snippet:-1","max-image-preview":"max-image-preview:large","max-video-preview":"max-video-preview:-1"},"canonical":"https:\/\/neyroud-soleil.ch\/de\/shop\/","og_locale":"de_DE","og_type":"article","og_title":"Shop - Neyroud Soleil","og_description":"Shop &#8211; Die Weine Wir sind stolz, Ihnen unsere Palette vorzustellen, um deren Qualit\u00e4ts-Verbesserung wir stets bem\u00fcht sind . {Formulaire de commande} Ihre pers\u00f6nlichen Daten werden zur Abwicklung Ihrer Bestellung, zur Begleitung Ihres Besuchs auf der Website und zu weiteren in unserer Datenschutzerkl\u00e4rung beschriebenen Zwecken verwendet.","og_url":"https:\/\/neyroud-soleil.ch\/de\/shop\/","og_site_name":"Neyroud Soleil","article_modified_time":"2023-10-24T11:50:13+00:00","og_image":[{"url":"https:\/\/neyroud-soleil.ch\/wp-content\/uploads\/2020\/04\/neyroud-soleil-8-light-82x300.png","type":"","width":"","height":""}],"twitter_card":"summary_large_image","twitter_misc":{"Gesch\u00e4tzte Lesezeit":"5\u00a0Minuten"},"schema":{"@context":"https:\/\/schema.org","@graph":[{"@type":"WebPage","@id":"https:\/\/neyroud-soleil.ch\/de\/shop\/","url":"https:\/\/neyroud-soleil.ch\/de\/shop\/","name":"Shop - Neyroud Soleil","isPartOf":{"@id":"https:\/\/neyroud-soleil.ch\/#website"},"primaryImageOfPage":{"@id":"https:\/\/neyroud-soleil.ch\/de\/shop\/#primaryimage"},"image":{"@id":"https:\/\/neyroud-soleil.ch\/de\/shop\/#primaryimage"},"thumbnailUrl":"https:\/\/neyroud-soleil.ch\/wp-content\/uploads\/2020\/04\/neyroud-soleil-8-light-82x300.png","datePublished":"2019-12-05T14:13:27+00:00","dateModified":"2023-10-24T11:50:13+00:00","breadcrumb":{"@id":"https:\/\/neyroud-soleil.ch\/de\/shop\/#breadcrumb"},"inLanguage":"de","potentialAction":[{"@type":"ReadAction","target":["https:\/\/neyroud-soleil.ch\/de\/shop\/"]}]},{"@type":"ImageObject","inLanguage":"de","@id":"https:\/\/neyroud-soleil.ch\/de\/shop\/#primaryimage","url":"https:\/\/neyroud-soleil.ch\/wp-content\/uploads\/2020\/04\/neyroud-soleil-8-light-82x300.png","contentUrl":"https:\/\/neyroud-soleil.ch\/wp-content\/uploads\/2020\/04\/neyroud-soleil-8-light-82x300.png"},{"@type":"BreadcrumbList","@id":"https:\/\/neyroud-soleil.ch\/de\/shop\/#breadcrumb","itemListElement":[{"@type":"ListItem","position":1,"name":"Accueil","item":"https:\/\/neyroud-soleil.ch\/de\/"},{"@type":"ListItem","position":2,"name":"Shop"}]},{"@type":"WebSite","@id":"https:\/\/neyroud-soleil.ch\/#website","url":"https:\/\/neyroud-soleil.ch\/","name":"Neyroud Soleil","description":"Vigneron Encaveur - Chardonne","inLanguage":"de"}]}},"_links":{"self":[{"href":"https:\/\/neyroud-soleil.ch\/de\/wp-json\/wp\/v2\/pages\/786","targetHints":{"allow":["GET"]}}],"collection":[{"href":"https:\/\/neyroud-soleil.ch\/de\/wp-json\/wp\/v2\/pages"}],"about":[{"href":"https:\/\/neyroud-soleil.ch\/de\/wp-json\/wp\/v2\/types\/page"}],"author":[{"embeddable":true,"href":"https:\/\/neyroud-soleil.ch\/de\/wp-json\/wp\/v2\/users\/1"}],"replies":[{"embeddable":true,"href":"https:\/\/neyroud-soleil.ch\/de\/wp-json\/wp\/v2\/comments?post=786"}],"version-history":[{"count":17,"href":"https:\/\/neyroud-soleil.ch\/de\/wp-json\/wp\/v2\/pages\/786\/revisions"}],"predecessor-version":[{"id":1893,"href":"https:\/\/neyroud-soleil.ch\/de\/wp-json\/wp\/v2\/pages\/786\/revisions\/1893"}],"wp:attachment":[{"href":"https:\/\/neyroud-soleil.ch\/de\/wp-json\/wp\/v2\/media?parent=786"}],"curies":[{"name":"wp","href":"https:\/\/api.w.org\/{rel}","templated":true}]}}