{"id":715,"date":"2019-12-05T15:13:27","date_gmt":"2019-12-05T14:13:27","guid":{"rendered":"https:\/\/neyroud-soleil.ch\/shop\/"},"modified":"2023-10-24T13:50:05","modified_gmt":"2023-10-24T11:50:05","slug":"shop","status":"publish","type":"page","link":"https:\/\/neyroud-soleil.ch\/en\/shop\/","title":{"rendered":"Shop"},"content":{"rendered":"\t\t<div data-elementor-type=\"wp-page\" data-elementor-id=\"715\" class=\"elementor elementor-715 elementor-467\" data-elementor-post-type=\"page\">\n\t\t\t\t\t\t<section class=\"elementor-section elementor-top-section elementor-element elementor-element-e3fba5e elementor-section-boxed elementor-section-height-default elementor-section-height-default\" data-id=\"e3fba5e\" data-element_type=\"section\" data-e-type=\"section\" data-settings=\"{&quot;jet_parallax_layout_list&quot;:[{&quot;jet_parallax_layout_image&quot;:{&quot;url&quot;:&quot;&quot;,&quot;id&quot;:&quot;&quot;,&quot;size&quot;:&quot;&quot;},&quot;_id&quot;:&quot;6ca52ec&quot;,&quot;jet_parallax_layout_image_tablet&quot;:{&quot;url&quot;:&quot;&quot;,&quot;id&quot;:&quot;&quot;,&quot;size&quot;:&quot;&quot;},&quot;jet_parallax_layout_image_mobile&quot;:{&quot;url&quot;:&quot;&quot;,&quot;id&quot;:&quot;&quot;,&quot;size&quot;:&quot;&quot;},&quot;jet_parallax_layout_speed&quot;:{&quot;unit&quot;:&quot;%&quot;,&quot;size&quot;:50,&quot;sizes&quot;:[]},&quot;jet_parallax_layout_type&quot;:&quot;scroll&quot;,&quot;jet_parallax_layout_direction&quot;:null,&quot;jet_parallax_layout_fx_direction&quot;:null,&quot;jet_parallax_layout_z_index&quot;:&quot;&quot;,&quot;jet_parallax_layout_bg_x&quot;:50,&quot;jet_parallax_layout_bg_x_tablet&quot;:&quot;&quot;,&quot;jet_parallax_layout_bg_x_mobile&quot;:&quot;&quot;,&quot;jet_parallax_layout_bg_y&quot;:50,&quot;jet_parallax_layout_bg_y_tablet&quot;:&quot;&quot;,&quot;jet_parallax_layout_bg_y_mobile&quot;:&quot;&quot;,&quot;jet_parallax_layout_bg_size&quot;:&quot;auto&quot;,&quot;jet_parallax_layout_bg_size_tablet&quot;:&quot;&quot;,&quot;jet_parallax_layout_bg_size_mobile&quot;:&quot;&quot;,&quot;jet_parallax_layout_animation_prop&quot;:&quot;transform&quot;,&quot;jet_parallax_layout_on&quot;:[&quot;desktop&quot;,&quot;tablet&quot;]}]}\">\n\t\t\t\t\t\t<div class=\"elementor-container elementor-column-gap-default\">\n\t\t\t\t\t<div class=\"elementor-column elementor-col-100 elementor-top-column elementor-element elementor-element-0a0f475\" data-id=\"0a0f475\" data-element_type=\"column\" data-e-type=\"column\">\n\t\t\t<div class=\"elementor-widget-wrap elementor-element-populated\">\n\t\t\t\t\t\t<div class=\"elementor-element elementor-element-9151bfa elementor-widget elementor-widget-heading\" data-id=\"9151bfa\" data-element_type=\"widget\" data-e-type=\"widget\" data-widget_type=\"heading.default\">\n\t\t\t\t<div class=\"elementor-widget-container\">\n\t\t\t\t\t<h1 class=\"elementor-heading-title elementor-size-default\">Shop - Les Vins<\/h1>\t\t\t\t<\/div>\n\t\t\t\t<\/div>\n\t\t\t\t<div class=\"elementor-element elementor-element-5c41024 elementor-widget elementor-widget-text-editor\" data-id=\"5c41024\" data-element_type=\"widget\" data-e-type=\"widget\" data-widget_type=\"text-editor.default\">\n\t\t\t\t<div class=\"elementor-widget-container\">\n\t\t\t\t\t\t\t\t\t<p>Nous sommes fiers de vous pr\u00e9senter nos gammes, dont la recherche de la qualit\u00e9 et de la typicit\u00e9 repr\u00e9sentent pour nous une qu\u00eate permanente.<\/p>\t\t\t\t\t\t\t\t<\/div>\n\t\t\t\t<\/div>\n\t\t\t\t\t<\/div>\n\t\t<\/div>\n\t\t\t\t\t<\/div>\n\t\t<\/section>\n\t\t\t\t<section class=\"elementor-section elementor-top-section elementor-element elementor-element-12b5f97 elementor-section-boxed elementor-section-height-default elementor-section-height-default\" data-id=\"12b5f97\" data-element_type=\"section\" data-e-type=\"section\" data-settings=\"{&quot;jet_parallax_layout_list&quot;:[{&quot;jet_parallax_layout_image&quot;:{&quot;url&quot;:&quot;&quot;,&quot;id&quot;:&quot;&quot;,&quot;size&quot;:&quot;&quot;},&quot;_id&quot;:&quot;013c3e9&quot;,&quot;jet_parallax_layout_image_tablet&quot;:{&quot;url&quot;:&quot;&quot;,&quot;id&quot;:&quot;&quot;,&quot;size&quot;:&quot;&quot;},&quot;jet_parallax_layout_image_mobile&quot;:{&quot;url&quot;:&quot;&quot;,&quot;id&quot;:&quot;&quot;,&quot;size&quot;:&quot;&quot;},&quot;jet_parallax_layout_speed&quot;:{&quot;unit&quot;:&quot;%&quot;,&quot;size&quot;:50,&quot;sizes&quot;:[]},&quot;jet_parallax_layout_type&quot;:&quot;scroll&quot;,&quot;jet_parallax_layout_direction&quot;:null,&quot;jet_parallax_layout_fx_direction&quot;:null,&quot;jet_parallax_layout_z_index&quot;:&quot;&quot;,&quot;jet_parallax_layout_bg_x&quot;:50,&quot;jet_parallax_layout_bg_x_tablet&quot;:&quot;&quot;,&quot;jet_parallax_layout_bg_x_mobile&quot;:&quot;&quot;,&quot;jet_parallax_layout_bg_y&quot;:50,&quot;jet_parallax_layout_bg_y_tablet&quot;:&quot;&quot;,&quot;jet_parallax_layout_bg_y_mobile&quot;:&quot;&quot;,&quot;jet_parallax_layout_bg_size&quot;:&quot;auto&quot;,&quot;jet_parallax_layout_bg_size_tablet&quot;:&quot;&quot;,&quot;jet_parallax_layout_bg_size_mobile&quot;:&quot;&quot;,&quot;jet_parallax_layout_animation_prop&quot;:&quot;transform&quot;,&quot;jet_parallax_layout_on&quot;:[&quot;desktop&quot;,&quot;tablet&quot;]}]}\">\n\t\t\t\t\t\t<div class=\"elementor-container elementor-column-gap-default\">\n\t\t\t\t\t<div class=\"elementor-column elementor-col-100 elementor-top-column elementor-element elementor-element-0d7b0a3\" data-id=\"0d7b0a3\" data-element_type=\"column\" data-e-type=\"column\">\n\t\t\t<div class=\"elementor-widget-wrap elementor-element-populated\">\n\t\t\t\t\t\t<div class=\"elementor-element elementor-element-c1137ea elementor-widget elementor-widget-image-carousel\" data-id=\"c1137ea\" data-element_type=\"widget\" data-e-type=\"widget\" data-settings=\"{&quot;slides_to_show&quot;:&quot;6&quot;,&quot;navigation&quot;:&quot;none&quot;,&quot;pause_on_hover&quot;:&quot;no&quot;,&quot;pause_on_interaction&quot;:&quot;no&quot;,&quot;autoplay&quot;:&quot;yes&quot;,&quot;autoplay_speed&quot;:5000,&quot;infinite&quot;:&quot;yes&quot;,&quot;speed&quot;:500}\" data-widget_type=\"image-carousel.default\">\n\t\t\t\t<div class=\"elementor-widget-container\">\n\t\t\t\t\t\t\t<div class=\"elementor-image-carousel-wrapper swiper\" role=\"region\" aria-roledescription=\"carousel\" aria-label=\"Image Carousel\" dir=\"ltr\">\n\t\t\t<div class=\"elementor-image-carousel swiper-wrapper\" aria-live=\"off\">\n\t\t\t\t\t\t\t\t<div class=\"swiper-slide\" role=\"group\" aria-roledescription=\"slide\" aria-label=\"1 of 11\"><figure class=\"swiper-slide-inner\"><img decoding=\"async\" class=\"swiper-slide-image\" src=\"https:\/\/neyroud-soleil.ch\/wp-content\/uploads\/2020\/04\/neyroud-soleil-8-light-82x300.png\" alt=\"Bouteille Chardonne\" \/><\/figure><\/div><div class=\"swiper-slide\" role=\"group\" aria-roledescription=\"slide\" aria-label=\"2 of 11\"><figure class=\"swiper-slide-inner\"><img decoding=\"async\" class=\"swiper-slide-image\" src=\"https:\/\/neyroud-soleil.ch\/wp-content\/uploads\/2020\/04\/neyroud-soleil-10-light-86x300.png\" alt=\"Bouteille St-Saphorin\" \/><\/figure><\/div><div class=\"swiper-slide\" role=\"group\" aria-roledescription=\"slide\" aria-label=\"3 of 11\"><figure class=\"swiper-slide-inner\"><img decoding=\"async\" class=\"swiper-slide-image\" src=\"https:\/\/neyroud-soleil.ch\/wp-content\/uploads\/2020\/04\/neyroud-soleil-5-light-80x300.png\" alt=\"Bouteille Chardonne Murailles br\u00fbl\u00e9es\" \/><\/figure><\/div><div class=\"swiper-slide\" role=\"group\" aria-roledescription=\"slide\" aria-label=\"4 of 11\"><figure class=\"swiper-slide-inner\"><img decoding=\"async\" class=\"swiper-slide-image\" src=\"https:\/\/neyroud-soleil.ch\/wp-content\/uploads\/2020\/04\/neyroud-soleil-11-light-86x300.png\" alt=\"Bouteille de vin le soleil rose\" \/><\/figure><\/div><div class=\"swiper-slide\" role=\"group\" aria-roledescription=\"slide\" aria-label=\"5 of 11\"><figure class=\"swiper-slide-inner\"><img decoding=\"async\" class=\"swiper-slide-image\" src=\"https:\/\/neyroud-soleil.ch\/wp-content\/uploads\/2020\/04\/neyroud-soleil-1-light-77x300.png\" alt=\"Bouteille Savignon blanc\" \/><\/figure><\/div><div class=\"swiper-slide\" role=\"group\" aria-roledescription=\"slide\" aria-label=\"6 of 11\"><figure class=\"swiper-slide-inner\"><img decoding=\"async\" class=\"swiper-slide-image\" src=\"https:\/\/neyroud-soleil.ch\/wp-content\/uploads\/2020\/04\/neyroud-soleil-3-light-77x300.png\" alt=\"Bouteille pinot gris\" \/><\/figure><\/div><div class=\"swiper-slide\" role=\"group\" aria-roledescription=\"slide\" aria-label=\"7 of 11\"><figure class=\"swiper-slide-inner\"><img decoding=\"async\" class=\"swiper-slide-image\" src=\"https:\/\/neyroud-soleil.ch\/wp-content\/uploads\/2020\/04\/neyroud-soleil-2-light-77x300.png\" alt=\"Bouteille Gew\u00fcrztraminer\" \/><\/figure><\/div><div class=\"swiper-slide\" role=\"group\" aria-roledescription=\"slide\" aria-label=\"8 of 11\"><figure class=\"swiper-slide-inner\"><img decoding=\"async\" class=\"swiper-slide-image\" src=\"https:\/\/neyroud-soleil.ch\/wp-content\/uploads\/2020\/04\/neyroud-soleil-6-light-77x300.png\" alt=\"Bouteille soleil dor\u00e9\" \/><\/figure><\/div><div class=\"swiper-slide\" role=\"group\" aria-roledescription=\"slide\" aria-label=\"9 of 11\"><figure class=\"swiper-slide-inner\"><img decoding=\"async\" class=\"swiper-slide-image\" src=\"https:\/\/neyroud-soleil.ch\/wp-content\/uploads\/2020\/04\/neyroud-soleil-9-light-86x300.png\" alt=\"Bouteille Chardonne\" \/><\/figure><\/div><div class=\"swiper-slide\" role=\"group\" aria-roledescription=\"slide\" aria-label=\"10 of 11\"><figure class=\"swiper-slide-inner\"><img decoding=\"async\" class=\"swiper-slide-image\" src=\"https:\/\/neyroud-soleil.ch\/wp-content\/uploads\/2020\/04\/neyroud-soleil-7-light-92x300.png\" alt=\"Bouteille Charmigny\" \/><\/figure><\/div><div class=\"swiper-slide\" role=\"group\" aria-roledescription=\"slide\" aria-label=\"11 of 11\"><figure class=\"swiper-slide-inner\"><img decoding=\"async\" class=\"swiper-slide-image\" src=\"https:\/\/neyroud-soleil.ch\/wp-content\/uploads\/2020\/04\/neyroud-soleil-4-light-76x300.png\" alt=\"Bouteille soleil pourpre\" \/><\/figure><\/div>\t\t\t<\/div>\n\t\t\t\t\t\t\t\n\t\t\t\t\t\t\t\t\t<\/div>\n\t\t\t\t\t\t<\/div>\n\t\t\t\t<\/div>\n\t\t\t\t\t<\/div>\n\t\t<\/div>\n\t\t\t\t\t<\/div>\n\t\t<\/section>\n\t\t\t\t<section class=\"elementor-section elementor-top-section elementor-element elementor-element-23cf36b elementor-section-boxed elementor-section-height-default elementor-section-height-default\" data-id=\"23cf36b\" data-element_type=\"section\" data-e-type=\"section\" data-settings=\"{&quot;jet_parallax_layout_list&quot;:[{&quot;jet_parallax_layout_image&quot;:{&quot;url&quot;:&quot;&quot;,&quot;id&quot;:&quot;&quot;,&quot;size&quot;:&quot;&quot;},&quot;_id&quot;:&quot;db205e5&quot;,&quot;jet_parallax_layout_image_tablet&quot;:{&quot;url&quot;:&quot;&quot;,&quot;id&quot;:&quot;&quot;,&quot;size&quot;:&quot;&quot;},&quot;jet_parallax_layout_image_mobile&quot;:{&quot;url&quot;:&quot;&quot;,&quot;id&quot;:&quot;&quot;,&quot;size&quot;:&quot;&quot;},&quot;jet_parallax_layout_speed&quot;:{&quot;unit&quot;:&quot;%&quot;,&quot;size&quot;:50,&quot;sizes&quot;:[]},&quot;jet_parallax_layout_type&quot;:&quot;scroll&quot;,&quot;jet_parallax_layout_direction&quot;:null,&quot;jet_parallax_layout_fx_direction&quot;:null,&quot;jet_parallax_layout_z_index&quot;:&quot;&quot;,&quot;jet_parallax_layout_bg_x&quot;:50,&quot;jet_parallax_layout_bg_x_tablet&quot;:&quot;&quot;,&quot;jet_parallax_layout_bg_x_mobile&quot;:&quot;&quot;,&quot;jet_parallax_layout_bg_y&quot;:50,&quot;jet_parallax_layout_bg_y_tablet&quot;:&quot;&quot;,&quot;jet_parallax_layout_bg_y_mobile&quot;:&quot;&quot;,&quot;jet_parallax_layout_bg_size&quot;:&quot;auto&quot;,&quot;jet_parallax_layout_bg_size_tablet&quot;:&quot;&quot;,&quot;jet_parallax_layout_bg_size_mobile&quot;:&quot;&quot;,&quot;jet_parallax_layout_animation_prop&quot;:&quot;transform&quot;,&quot;jet_parallax_layout_on&quot;:[&quot;desktop&quot;,&quot;tablet&quot;]}]}\">\n\t\t\t\t\t\t<div class=\"elementor-container elementor-column-gap-default\">\n\t\t\t\t\t<div class=\"elementor-column elementor-col-100 elementor-top-column elementor-element elementor-element-ad4a1c3\" data-id=\"ad4a1c3\" data-element_type=\"column\" data-e-type=\"column\">\n\t\t\t<div class=\"elementor-widget-wrap elementor-element-populated\">\n\t\t\t\t\t\t<div class=\"elementor-element elementor-element-4c4a70c elementor-widget elementor-widget-text-editor\" data-id=\"4c4a70c\" data-element_type=\"widget\" data-e-type=\"widget\" id=\"formulaire_commande\" data-widget_type=\"text-editor.default\">\n\t\t\t\t<div class=\"elementor-widget-container\">\n\t\t\t\t\t\t\t\t\t<p>{Formulaire de commande}<\/p>\t\t\t\t\t\t\t\t<\/div>\n\t\t\t\t<\/div>\n\t\t\t\t\t<\/div>\n\t\t<\/div>\n\t\t\t\t\t<\/div>\n\t\t<\/section>\n\t\t\t\t<section class=\"elementor-section elementor-top-section elementor-element elementor-element-4bcfc40 elementor-section-boxed elementor-section-height-default elementor-section-height-default\" data-id=\"4bcfc40\" data-element_type=\"section\" data-e-type=\"section\" data-settings=\"{&quot;jet_parallax_layout_list&quot;:[]}\">\n\t\t\t\t\t\t<div class=\"elementor-container elementor-column-gap-default\">\n\t\t\t\t\t<div class=\"elementor-column elementor-col-100 elementor-top-column elementor-element elementor-element-26dcad8\" data-id=\"26dcad8\" data-element_type=\"column\" data-e-type=\"column\">\n\t\t\t<div class=\"elementor-widget-wrap elementor-element-populated\">\n\t\t\t\t\t\t<div class=\"elementor-element elementor-element-12fc218 elementor-widget elementor-widget-text-editor\" data-id=\"12fc218\" data-element_type=\"widget\" data-e-type=\"widget\" data-widget_type=\"text-editor.default\">\n\t\t\t\t<div class=\"elementor-widget-container\">\n\t\t\t\t\t\t\t\t\tVos donn\u00e9es personnelles seront utilis\u00e9es pour le traitement de votre commande, vous accompagner au cours de votre visite du site web, et pour d\u2019autres raisons d\u00e9crites dans notre <a style=\"color:#772935;\" title=\"\u200c\" href=\"https:\/\/neyroud-soleil.ch\/politique-de-confidentialite\/\" target=\"_blank\" rel=\"nofollow noopener noreferrer ugc\">politique de confidentialit\u00e9<\/a>.\t\t\t\t\t\t\t\t<\/div>\n\t\t\t\t<\/div>\n\t\t\t\t\t<\/div>\n\t\t<\/div>\n\t\t\t\t\t<\/div>\n\t\t<\/section>\n\t\t\t\t<\/div>\n\t\t","protected":false},"excerpt":{"rendered":"<p>Shop &#8211; Les Vins Nous sommes fiers de vous pr\u00e9senter nos gammes, dont la recherche de la qualit\u00e9 et de la typicit\u00e9 repr\u00e9sentent pour nous une qu\u00eate permanente. {Formulaire de commande} Vos donn\u00e9es personnelles seront utilis\u00e9es pour le traitement de votre commande, vous accompagner au cours de votre visite du site web, et pour d\u2019autres [&hellip;]<\/p>\n","protected":false},"author":1,"featured_media":856,"parent":0,"menu_order":0,"comment_status":"closed","ping_status":"closed","template":"","meta":{"_acf_changed":false,"footnotes":""},"class_list":["post-715","page","type-page","status-publish","has-post-thumbnail","hentry"],"acf":{"jupiterx_header":true,"jupiterx_header_overlap":"","jupiterx_header_type":"_custom","jupiterx_header_template":"650","jupiterx_header_behavior":"fixed","jupiterx_header_position":"global","jupiterx_layout":"c","jupiterx_content_full_width":true,"jupiterx_content_spacing":true,"jupiterx_post_featured_image":"","jupiterx_post_social_share":"","jupiterx_post_comments":"","jupiterx_main_background":{"color":"#f9f7f2","image":false,"position":"","repeat":"","attachment":"","size":""},"jupiterx_main_spacing":{"padding_top":"","padding_right":"","padding_bottom":"","padding_left":"","margin_top":"","margin_right":"","margin_bottom":"","margin_left":""},"jupiterx_title_bar_title":"","jupiterx_title_bar_breadcrumb":"","jupiterx_title_bar_subtitle":"","jupiterx_footer":true,"jupiterx_footer_type":"_custom","jupiterx_footer_template":"438","jupiterx_footer_behavior":"global"},"yoast_head":"<!-- This site is optimized with the Yoast SEO plugin v26.9 - https:\/\/yoast.com\/product\/yoast-seo-wordpress\/ -->\n<title>Shop - Neyroud Soleil - Vigneron Encaveur - Chardonne<\/title>\n<meta name=\"description\" content=\"Nous sommes fiers de vous pr\u00e9senter nos gammes, dont la recherche de la qualit\u00e9 et de la typicit\u00e9 repr\u00e9sentent pour nous une qu\u00eate permanente.\" \/>\n<meta name=\"robots\" content=\"index, follow, max-snippet:-1, max-image-preview:large, max-video-preview:-1\" \/>\n<link rel=\"canonical\" href=\"https:\/\/neyroud-soleil.ch\/en\/shop\/\" \/>\n<meta property=\"og:locale\" content=\"en_US\" \/>\n<meta property=\"og:type\" content=\"article\" \/>\n<meta property=\"og:title\" content=\"Shop - Neyroud Soleil - Vigneron Encaveur - Chardonne\" \/>\n<meta property=\"og:description\" content=\"Nous sommes fiers de vous pr\u00e9senter nos gammes, dont la recherche de la qualit\u00e9 et de la typicit\u00e9 repr\u00e9sentent pour nous une qu\u00eate permanente.\" \/>\n<meta property=\"og:url\" content=\"https:\/\/neyroud-soleil.ch\/en\/shop\/\" \/>\n<meta property=\"og:site_name\" content=\"Neyroud Soleil\" \/>\n<meta property=\"article:modified_time\" content=\"2023-10-24T11:50:05+00:00\" \/>\n<meta property=\"og:image\" content=\"https:\/\/neyroud-soleil.ch\/wp-content\/uploads\/2019\/12\/2D1A3291_le-fils-du-soleil.jpg\" \/>\n\t<meta property=\"og:image:width\" content=\"1500\" \/>\n\t<meta property=\"og:image:height\" content=\"1000\" \/>\n\t<meta property=\"og:image:type\" content=\"image\/jpeg\" \/>\n<meta name=\"twitter:card\" content=\"summary_large_image\" \/>\n<meta name=\"twitter:label1\" content=\"Est. reading time\" \/>\n\t<meta name=\"twitter:data1\" content=\"5 minutes\" \/>\n<script type=\"application\/ld+json\" class=\"yoast-schema-graph\">{\"@context\":\"https:\/\/schema.org\",\"@graph\":[{\"@type\":\"WebPage\",\"@id\":\"https:\/\/neyroud-soleil.ch\/en\/shop\/\",\"url\":\"https:\/\/neyroud-soleil.ch\/en\/shop\/\",\"name\":\"Shop - Neyroud Soleil - Vigneron Encaveur - Chardonne\",\"isPartOf\":{\"@id\":\"https:\/\/neyroud-soleil.ch\/#website\"},\"primaryImageOfPage\":{\"@id\":\"https:\/\/neyroud-soleil.ch\/en\/shop\/#primaryimage\"},\"image\":{\"@id\":\"https:\/\/neyroud-soleil.ch\/en\/shop\/#primaryimage\"},\"thumbnailUrl\":\"https:\/\/neyroud-soleil.ch\/wp-content\/uploads\/2019\/12\/2D1A3291_le-fils-du-soleil.jpg\",\"datePublished\":\"2019-12-05T14:13:27+00:00\",\"dateModified\":\"2023-10-24T11:50:05+00:00\",\"description\":\"Nous sommes fiers de vous pr\u00e9senter nos gammes, dont la recherche de la qualit\u00e9 et de la typicit\u00e9 repr\u00e9sentent pour nous une qu\u00eate permanente.\",\"breadcrumb\":{\"@id\":\"https:\/\/neyroud-soleil.ch\/en\/shop\/#breadcrumb\"},\"inLanguage\":\"en-US\",\"potentialAction\":[{\"@type\":\"ReadAction\",\"target\":[\"https:\/\/neyroud-soleil.ch\/en\/shop\/\"]}]},{\"@type\":\"ImageObject\",\"inLanguage\":\"en-US\",\"@id\":\"https:\/\/neyroud-soleil.ch\/en\/shop\/#primaryimage\",\"url\":\"https:\/\/neyroud-soleil.ch\/wp-content\/uploads\/2019\/12\/2D1A3291_le-fils-du-soleil.jpg\",\"contentUrl\":\"https:\/\/neyroud-soleil.ch\/wp-content\/uploads\/2019\/12\/2D1A3291_le-fils-du-soleil.jpg\",\"width\":1500,\"height\":1000},{\"@type\":\"BreadcrumbList\",\"@id\":\"https:\/\/neyroud-soleil.ch\/en\/shop\/#breadcrumb\",\"itemListElement\":[{\"@type\":\"ListItem\",\"position\":1,\"name\":\"Accueil\",\"item\":\"https:\/\/neyroud-soleil.ch\/en\/\"},{\"@type\":\"ListItem\",\"position\":2,\"name\":\"Shop\"}]},{\"@type\":\"WebSite\",\"@id\":\"https:\/\/neyroud-soleil.ch\/#website\",\"url\":\"https:\/\/neyroud-soleil.ch\/\",\"name\":\"Neyroud Soleil\",\"description\":\"Vigneron Encaveur - Chardonne\",\"inLanguage\":\"en-US\"}]}<\/script>\n<!-- \/ Yoast SEO plugin. -->","yoast_head_json":{"title":"Shop - Neyroud Soleil - Vigneron Encaveur - Chardonne","description":"Nous sommes fiers de vous pr\u00e9senter nos gammes, dont la recherche de la qualit\u00e9 et de la typicit\u00e9 repr\u00e9sentent pour nous une qu\u00eate permanente.","robots":{"index":"index","follow":"follow","max-snippet":"max-snippet:-1","max-image-preview":"max-image-preview:large","max-video-preview":"max-video-preview:-1"},"canonical":"https:\/\/neyroud-soleil.ch\/en\/shop\/","og_locale":"en_US","og_type":"article","og_title":"Shop - Neyroud Soleil - Vigneron Encaveur - Chardonne","og_description":"Nous sommes fiers de vous pr\u00e9senter nos gammes, dont la recherche de la qualit\u00e9 et de la typicit\u00e9 repr\u00e9sentent pour nous une qu\u00eate permanente.","og_url":"https:\/\/neyroud-soleil.ch\/en\/shop\/","og_site_name":"Neyroud Soleil","article_modified_time":"2023-10-24T11:50:05+00:00","og_image":[{"width":1500,"height":1000,"url":"https:\/\/neyroud-soleil.ch\/wp-content\/uploads\/2019\/12\/2D1A3291_le-fils-du-soleil.jpg","type":"image\/jpeg"}],"twitter_card":"summary_large_image","twitter_misc":{"Est. reading time":"5 minutes"},"schema":{"@context":"https:\/\/schema.org","@graph":[{"@type":"WebPage","@id":"https:\/\/neyroud-soleil.ch\/en\/shop\/","url":"https:\/\/neyroud-soleil.ch\/en\/shop\/","name":"Shop - Neyroud Soleil - Vigneron Encaveur - Chardonne","isPartOf":{"@id":"https:\/\/neyroud-soleil.ch\/#website"},"primaryImageOfPage":{"@id":"https:\/\/neyroud-soleil.ch\/en\/shop\/#primaryimage"},"image":{"@id":"https:\/\/neyroud-soleil.ch\/en\/shop\/#primaryimage"},"thumbnailUrl":"https:\/\/neyroud-soleil.ch\/wp-content\/uploads\/2019\/12\/2D1A3291_le-fils-du-soleil.jpg","datePublished":"2019-12-05T14:13:27+00:00","dateModified":"2023-10-24T11:50:05+00:00","description":"Nous sommes fiers de vous pr\u00e9senter nos gammes, dont la recherche de la qualit\u00e9 et de la typicit\u00e9 repr\u00e9sentent pour nous une qu\u00eate permanente.","breadcrumb":{"@id":"https:\/\/neyroud-soleil.ch\/en\/shop\/#breadcrumb"},"inLanguage":"en-US","potentialAction":[{"@type":"ReadAction","target":["https:\/\/neyroud-soleil.ch\/en\/shop\/"]}]},{"@type":"ImageObject","inLanguage":"en-US","@id":"https:\/\/neyroud-soleil.ch\/en\/shop\/#primaryimage","url":"https:\/\/neyroud-soleil.ch\/wp-content\/uploads\/2019\/12\/2D1A3291_le-fils-du-soleil.jpg","contentUrl":"https:\/\/neyroud-soleil.ch\/wp-content\/uploads\/2019\/12\/2D1A3291_le-fils-du-soleil.jpg","width":1500,"height":1000},{"@type":"BreadcrumbList","@id":"https:\/\/neyroud-soleil.ch\/en\/shop\/#breadcrumb","itemListElement":[{"@type":"ListItem","position":1,"name":"Accueil","item":"https:\/\/neyroud-soleil.ch\/en\/"},{"@type":"ListItem","position":2,"name":"Shop"}]},{"@type":"WebSite","@id":"https:\/\/neyroud-soleil.ch\/#website","url":"https:\/\/neyroud-soleil.ch\/","name":"Neyroud Soleil","description":"Vigneron Encaveur - Chardonne","inLanguage":"en-US"}]}},"_links":{"self":[{"href":"https:\/\/neyroud-soleil.ch\/en\/wp-json\/wp\/v2\/pages\/715","targetHints":{"allow":["GET"]}}],"collection":[{"href":"https:\/\/neyroud-soleil.ch\/en\/wp-json\/wp\/v2\/pages"}],"about":[{"href":"https:\/\/neyroud-soleil.ch\/en\/wp-json\/wp\/v2\/types\/page"}],"author":[{"embeddable":true,"href":"https:\/\/neyroud-soleil.ch\/en\/wp-json\/wp\/v2\/users\/1"}],"replies":[{"embeddable":true,"href":"https:\/\/neyroud-soleil.ch\/en\/wp-json\/wp\/v2\/comments?post=715"}],"version-history":[{"count":50,"href":"https:\/\/neyroud-soleil.ch\/en\/wp-json\/wp\/v2\/pages\/715\/revisions"}],"predecessor-version":[{"id":1890,"href":"https:\/\/neyroud-soleil.ch\/en\/wp-json\/wp\/v2\/pages\/715\/revisions\/1890"}],"wp:featuredmedia":[{"embeddable":true,"href":"https:\/\/neyroud-soleil.ch\/en\/wp-json\/wp\/v2\/media\/856"}],"wp:attachment":[{"href":"https:\/\/neyroud-soleil.ch\/en\/wp-json\/wp\/v2\/media?parent=715"}],"curies":[{"name":"wp","href":"https:\/\/api.w.org\/{rel}","templated":true}]}}